{"id":9,"date":"2021-11-27T17:59:09","date_gmt":"2021-11-27T17:59:09","guid":{"rendered":"https:\/\/dev.serraodecarvalho.pt\/?page_id=9"},"modified":"2021-11-27T17:59:09","modified_gmt":"2021-11-27T17:59:09","slug":"sobre","status":"publish","type":"page","link":"https:\/\/serraodecarvalho.pt\/en_us\/sobre\/","title":{"rendered":"Sobre"},"content":{"rendered":"<p>Poder\u00e1 ser um artista que pretende apresentar-se e mostrar o seu trabalho, ou poder\u00e1 ser uma empresa com uma miss\u00e3o para descrever.<\/p>","protected":false},"excerpt":{"rendered":"<p>Poder\u00e1 ser um artista que pretende apresentar-se e mostrar o seu trabalho, ou poder\u00e1 ser uma empresa com uma miss\u00e3o para descrever.<\/p>","protected":false},"author":2,"featured_media":0,"parent":0,"menu_order":0,"comment_status":"closed","ping_status":"closed","template":"","meta":{"footnotes":""},"class_list":["post-9","page","type-page","status-publish","hentry","entry"],"_links":{"self":[{"href":"https:\/\/serraodecarvalho.pt\/en_us\/wp-json\/wp\/v2\/pages\/9","targetHints":{"allow":["GET"]}}],"collection":[{"href":"https:\/\/serraodecarvalho.pt\/en_us\/wp-json\/wp\/v2\/pages"}],"about":[{"href":"https:\/\/serraodecarvalho.pt\/en_us\/wp-json\/wp\/v2\/types\/page"}],"author":[{"embeddable":true,"href":"https:\/\/serraodecarvalho.pt\/en_us\/wp-json\/wp\/v2\/users\/2"}],"replies":[{"embeddable":true,"href":"https:\/\/serraodecarvalho.pt\/en_us\/wp-json\/wp\/v2\/comments?post=9"}],"version-history":[{"count":1,"href":"https:\/\/serraodecarvalho.pt\/en_us\/wp-json\/wp\/v2\/pages\/9\/revisions"}],"predecessor-version":[{"id":14,"href":"https:\/\/serraodecarvalho.pt\/en_us\/wp-json\/wp\/v2\/pages\/9\/revisions\/14"}],"wp:attachment":[{"href":"https:\/\/serraodecarvalho.pt\/en_us\/wp-json\/wp\/v2\/media?parent=9"}],"curies":[{"name":"wp","href":"https:\/\/api.w.org\/{rel}","templated":true}]}}