{"id":8,"date":"2021-11-27T17:59:09","date_gmt":"2021-11-27T17:59:09","guid":{"rendered":"https:\/\/dev.serraodecarvalho.pt\/?page_id=8"},"modified":"2022-08-17T12:56:39","modified_gmt":"2022-08-17T12:56:39","slug":"crie-o-seu-site-com-blocos","status":"publish","type":"page","link":"https:\/\/serraodecarvalho.pt\/en_us\/","title":{"rendered":"P\u00e1gina Inicial"},"content":{"rendered":"<div data-elementor-type=\"wp-page\" data-elementor-id=\"8\" class=\"elementor elementor-8\">\n\t\t\t\t\t\t\t\t\t<section class=\"elementor-section elementor-top-section elementor-element elementor-element-2c000036 elementor-section-full_width elementor-section-height-default elementor-section-height-default\" data-id=\"2c000036\" data-element_type=\"section\">\n\t\t\t\t\t\t\t<div class=\"elementor-background-overlay\"><\/div>\n\t\t\t\t\t\t\t<div class=\"elementor-container elementor-column-gap-default\">\n\t\t\t\t\t<div class=\"elementor-column elementor-col-100 elementor-top-column elementor-element elementor-element-3f8c9ebf\" data-id=\"3f8c9ebf\" data-element_type=\"column\">\n\t\t\t<div class=\"elementor-widget-wrap elementor-element-populated\">\n\t\t\t\t\t\t\t\t<div class=\"elementor-element elementor-element-38a663a elementor-widget elementor-widget-image\" data-id=\"38a663a\" data-element_type=\"widget\" data-widget_type=\"image.default\">\n\t\t\t\t<div class=\"elementor-widget-container\">\n\t\t\t\t\t\t\t\t\t\t\t\t\t\t\t<img decoding=\"async\" src=\"https:\/\/serraodecarvalho.pt\/wp-content\/uploads\/elementor\/thumbs\/lawyer-pttuuhsga1wcaoildgxkezec3sxaziod701p6khxj4.jpg\" title=\"lawyer\" alt=\"lawyer\" loading=\"lazy\" \/>\t\t\t\t\t\t\t\t\t\t\t\t\t\t\t<\/div>\n\t\t\t\t<\/div>\n\t\t\t\t<section class=\"elementor-section elementor-inner-section elementor-element elementor-element-881220c elementor-section-boxed elementor-section-height-default elementor-section-height-default\" data-id=\"881220c\" data-element_type=\"section\">\n\t\t\t\t\t\t<div class=\"elementor-container elementor-column-gap-default\">\n\t\t\t\t\t<div class=\"elementor-column elementor-col-100 elementor-inner-column elementor-element elementor-element-426271e\" data-id=\"426271e\" data-element_type=\"column\">\n\t\t\t<div class=\"elementor-widget-wrap elementor-element-populated\">\n\t\t\t\t\t\t\t\t<div class=\"elementor-element elementor-element-6f10b17 elementor-widget elementor-widget-heading\" data-id=\"6f10b17\" data-element_type=\"widget\" data-widget_type=\"heading.default\">\n\t\t\t\t<div class=\"elementor-widget-container\">\n\t\t\t<h3 class=\"elementor-heading-title elementor-size-default\">\"Nothing is complicated if we are well prepared!\"<\/h3>\t\t<\/div>\n\t\t\t\t<\/div>\n\t\t\t\t<div class=\"elementor-element elementor-element-4c67d9bd elementor-widget elementor-widget-text-editor\" data-id=\"4c67d9bd\" data-element_type=\"widget\" data-widget_type=\"text-editor.default\">\n\t\t\t\t<div class=\"elementor-widget-container\">\n\t\t\t\t\t\t\t<!-- wp:quote -->\n<p><cite>Confucius<\/cite><\/p>\n<!-- \/wp:spacer -->\t\t\t\t\t\t<\/div>\n\t\t\t\t<\/div>\n\t\t\t\t<div class=\"elementor-element elementor-element-a28369c elementor-widget elementor-widget-button\" data-id=\"a28369c\" data-element_type=\"widget\" data-widget_type=\"button.default\">\n\t\t\t\t<div class=\"elementor-widget-container\">\n\t\t\t\t\t<div class=\"elementor-button-wrapper\">\n\t\t\t<a class=\"elementor-button elementor-button-link elementor-size-sm\" href=\"https:\/\/serraodecarvalho.pt\/en_us\/contacto\/\">\n\t\t\t\t\t\t<span class=\"elementor-button-content-wrapper\">\n\t\t\t\t\t\t<span class=\"elementor-button-text\">Schedule Meeting<\/span>\n\t\t<\/span>\n\t\t\t\t\t<\/a>\n\t\t<\/div>\n\t\t\t\t<\/div>\n\t\t\t\t<\/div>\n\t\t\t\t\t<\/div>\n\t\t<\/div>\n\t\t\t\t\t\t\t<\/div>\n\t\t<\/section>\n\t\t\t\t\t<\/div>\n\t\t<\/div>\n\t\t\t\t\t\t\t<\/div>\n\t\t<\/section>\n\t\t\t\t<section class=\"elementor-section elementor-top-section elementor-element elementor-element-65940b5 elementor-section-full_width elementor-section-height-default elementor-section-height-default\" data-id=\"65940b5\" data-element_type=\"section\">\n\t\t\t\t\t\t<div class=\"elementor-container elementor-column-gap-default\">\n\t\t\t\t\t<div class=\"elementor-column elementor-col-33 elementor-top-column elementor-element elementor-element-bd97ffd\" data-id=\"bd97ffd\" data-element_type=\"column\">\n\t\t\t<div class=\"elementor-widget-wrap elementor-element-populated\">\n\t\t\t\t\t\t\t\t<div class=\"elementor-element elementor-element-b35f463 elementor-widget elementor-widget-image\" data-id=\"b35f463\" data-element_type=\"widget\" data-settings=\"{&quot;_animation&quot;:&quot;none&quot;}\" data-widget_type=\"image.default\">\n\t\t\t\t<div class=\"elementor-widget-container\">\n\t\t\t\t\t\t\t\t\t\t\t\t<figure class=\"wp-caption\">\n\t\t\t\t\t\t\t\t\t\t\t<a href=\"https:\/\/serraodecarvalho.pt\/en_us\/appointments\/consulta-online-1-hora\/\">\n\t\t\t\t\t\t\t<img decoding=\"async\" src=\"https:\/\/serraodecarvalho.pt\/wp-content\/uploads\/elementor\/thumbs\/right-gcb1123f8f_1920-pttuuhsga1rxxgam0njxl6g1xfpzbjklw7wv3gs7b4.jpg\" title=\"right-gcb1123f8f_1920\" alt=\"Consulta Online\" class=\"elementor-animation-shrink\" loading=\"lazy\" \/>\t\t\t\t\t\t\t\t<\/a>\n\t\t\t\t\t\t\t\t\t\t\t<figcaption class=\"widget-image-caption wp-caption-text\">Online Legal Consultation<\/figcaption>\n\t\t\t\t\t\t\t\t\t\t<\/figure>\n\t\t\t\t\t\t\t\t\t<\/div>\n\t\t\t\t<\/div>\n\t\t\t\t\t<\/div>\n\t\t<\/div>\n\t\t\t\t<div class=\"elementor-column elementor-col-33 elementor-top-column elementor-element elementor-element-39fbefc\" data-id=\"39fbefc\" data-element_type=\"column\">\n\t\t\t<div class=\"elementor-widget-wrap elementor-element-populated\">\n\t\t\t\t\t\t\t\t<div class=\"elementor-element elementor-element-7d3826b elementor-widget elementor-widget-image\" data-id=\"7d3826b\" data-element_type=\"widget\" data-widget_type=\"image.default\">\n\t\t\t\t<div class=\"elementor-widget-container\">\n\t\t\t\t\t\t\t\t\t\t\t\t<figure class=\"wp-caption\">\n\t\t\t\t\t\t\t\t\t\t\t<a href=\"https:\/\/serraodecarvalho.pt\/en_us\/constituicao-de-sociedades\/\">\n\t\t\t\t\t\t\t<img decoding=\"async\" src=\"https:\/\/serraodecarvalho.pt\/wp-content\/uploads\/elementor\/thumbs\/right-ga90d2ab68_1920-pttuuhsga1rxxgam0njxl6g1xfpzbjklw7wv3gs7b4.jpg\" title=\"right-ga90d2ab68_1920\" alt=\"Constitui\u00e7\u00e3o de Sociedades\" class=\"elementor-animation-shrink\" loading=\"lazy\" \/>\t\t\t\t\t\t\t\t<\/a>\n\t\t\t\t\t\t\t\t\t\t\t<figcaption class=\"widget-image-caption wp-caption-text\">Incorporation of Companies<\/figcaption>\n\t\t\t\t\t\t\t\t\t\t<\/figure>\n\t\t\t\t\t\t\t\t\t<\/div>\n\t\t\t\t<\/div>\n\t\t\t\t\t<\/div>\n\t\t<\/div>\n\t\t\t\t<div class=\"elementor-column elementor-col-33 elementor-top-column elementor-element elementor-element-947ade2\" data-id=\"947ade2\" data-element_type=\"column\">\n\t\t\t<div class=\"elementor-widget-wrap elementor-element-populated\">\n\t\t\t\t\t\t\t\t<div class=\"elementor-element elementor-element-c8e3e60 elementor-widget__width-initial elementor-widget elementor-widget-image\" data-id=\"c8e3e60\" data-element_type=\"widget\" data-settings=\"{&quot;_animation&quot;:&quot;none&quot;}\" data-widget_type=\"image.default\">\n\t\t\t\t<div class=\"elementor-widget-container\">\n\t\t\t\t\t\t\t\t\t\t\t\t<figure class=\"wp-caption\">\n\t\t\t\t\t\t\t\t\t\t\t<a href=\"https:\/\/serraodecarvalho.pt\/en_us\/protecao-de-dados\/\">\n\t\t\t\t\t\t\t<img decoding=\"async\" src=\"https:\/\/serraodecarvalho.pt\/wp-content\/uploads\/elementor\/thumbs\/regulation-g3694702a7_1280-pttuuhsga1rxxgam0njxl6g1xfpzbjklw7wv3gs7b4.jpg\" title=\"regulation-g3694702a7_1280\" alt=\"Prote\u00e7\u00e3o de Dados\" class=\"elementor-animation-shrink\" loading=\"lazy\" \/>\t\t\t\t\t\t\t\t<\/a>\n\t\t\t\t\t\t\t\t\t\t\t<figcaption class=\"widget-image-caption wp-caption-text\">Data Protection<\/figcaption>\n\t\t\t\t\t\t\t\t\t\t<\/figure>\n\t\t\t\t\t\t\t\t\t<\/div>\n\t\t\t\t<\/div>\n\t\t\t\t\t<\/div>\n\t\t<\/div>\n\t\t\t\t\t\t\t<\/div>\n\t\t<\/section>\n\t\t\t\t<section class=\"elementor-section elementor-top-section elementor-element elementor-element-cd01e11 elementor-section-full_width elementor-section-height-default elementor-section-height-default\" data-id=\"cd01e11\" data-element_type=\"section\" data-settings=\"{&quot;background_background&quot;:&quot;classic&quot;}\">\n\t\t\t\t\t\t<div class=\"elementor-container elementor-column-gap-default\">\n\t\t\t\t\t<div class=\"elementor-column elementor-col-100 elementor-top-column elementor-element elementor-element-e380538\" data-id=\"e380538\" data-element_type=\"column\">\n\t\t\t<div class=\"elementor-widget-wrap elementor-element-populated\">\n\t\t\t\t\t\t\t\t<div class=\"elementor-element elementor-element-a7ddf4b elementor-widget elementor-widget-heading\" data-id=\"a7ddf4b\" data-element_type=\"widget\" data-widget_type=\"heading.default\">\n\t\t\t\t<div class=\"elementor-widget-container\">\n\t\t\t<h2 class=\"elementor-heading-title elementor-size-default\">Our Services<\/h2>\t\t<\/div>\n\t\t\t\t<\/div>\n\t\t\t\t<section class=\"elementor-section elementor-inner-section elementor-element elementor-element-270ffc7 elementor-section-full_width elementor-section-height-default elementor-section-height-default\" data-id=\"270ffc7\" data-element_type=\"section\">\n\t\t\t\t\t\t<div class=\"elementor-container elementor-column-gap-wide\">\n\t\t\t\t\t<div class=\"elementor-column elementor-col-33 elementor-inner-column elementor-element elementor-element-e8cbdef\" data-id=\"e8cbdef\" data-element_type=\"column\">\n\t\t\t<div class=\"elementor-widget-wrap elementor-element-populated\">\n\t\t\t\t\t\t\t\t<div class=\"elementor-element elementor-element-60965dc elementor-view-default elementor-widget elementor-widget-icon\" data-id=\"60965dc\" data-element_type=\"widget\" data-settings=\"{&quot;_animation&quot;:&quot;none&quot;}\" data-widget_type=\"icon.default\">\n\t\t\t\t<div class=\"elementor-widget-container\">\n\t\t\t\t\t<div class=\"elementor-icon-wrapper\">\n\t\t\t<a class=\"elementor-icon\" href=\"https:\/\/serraodecarvalho.pt\/en_us\/sample-page\/\">\n\t\t\t<i aria-hidden=\"true\" class=\"fas fa-user-friends\"><\/i>\t\t\t<\/a>\n\t\t<\/div>\n\t\t\t\t<\/div>\n\t\t\t\t<\/div>\n\t\t\t\t<div class=\"elementor-element elementor-element-ffb47ee elementor-widget elementor-widget-heading\" data-id=\"ffb47ee\" data-element_type=\"widget\" data-widget_type=\"heading.default\">\n\t\t\t\t<div class=\"elementor-widget-container\">\n\t\t\t<h2 class=\"elementor-heading-title elementor-size-small\">Consultancy<\/h2>\t\t<\/div>\n\t\t\t\t<\/div>\n\t\t\t\t<div class=\"elementor-element elementor-element-84d1e63 elementor-widget elementor-widget-text-editor\" data-id=\"84d1e63\" data-element_type=\"widget\" data-widget_type=\"text-editor.default\">\n\t\t\t\t<div class=\"elementor-widget-container\">\n\t\t\t\t\t\t\t<div class=\"col-lg-4 pt32 pb32 text-center o_colored_level\">\n<p>We provide a consultancy service aimed to ensure a balanced business development<\/p>\n<\/div>\t\t\t\t\t\t<\/div>\n\t\t\t\t<\/div>\n\t\t\t\t\t<\/div>\n\t\t<\/div>\n\t\t\t\t<div class=\"elementor-column elementor-col-33 elementor-inner-column elementor-element elementor-element-08113ca\" data-id=\"08113ca\" data-element_type=\"column\">\n\t\t\t<div class=\"elementor-widget-wrap elementor-element-populated\">\n\t\t\t\t\t\t\t\t<div class=\"elementor-element elementor-element-76e9069 elementor-view-default elementor-widget elementor-widget-icon\" data-id=\"76e9069\" data-element_type=\"widget\" data-widget_type=\"icon.default\">\n\t\t\t\t<div class=\"elementor-widget-container\">\n\t\t\t\t\t<div class=\"elementor-icon-wrapper\">\n\t\t\t<a class=\"elementor-icon\" href=\"https:\/\/serraodecarvalho.pt\/en_us\/compliance\/\">\n\t\t\t<i aria-hidden=\"true\" class=\"fas fa-book-open\"><\/i>\t\t\t<\/a>\n\t\t<\/div>\n\t\t\t\t<\/div>\n\t\t\t\t<\/div>\n\t\t\t\t<div class=\"elementor-element elementor-element-698ffc2 elementor-widget elementor-widget-heading\" data-id=\"698ffc2\" data-element_type=\"widget\" data-widget_type=\"heading.default\">\n\t\t\t\t<div class=\"elementor-widget-container\">\n\t\t\t<h2 class=\"elementor-heading-title elementor-size-default\">Compliance<\/h2>\t\t<\/div>\n\t\t\t\t<\/div>\n\t\t\t\t<div class=\"elementor-element elementor-element-6b5fb4e elementor-widget elementor-widget-text-editor\" data-id=\"6b5fb4e\" data-element_type=\"widget\" data-widget_type=\"text-editor.default\">\n\t\t\t\t<div class=\"elementor-widget-container\">\n\t\t\t\t\t\t\t<main>\n<div id=\"wrap\" class=\"oe_structure oe_empty\">\n<section id=\"Patroc%C3%ADnio-Judicial\" class=\"s_features pt48 pb48 o_colored_level\" data-snippet=\"s_features\" data-name=\"Features\" data-anchor=\"true\">\n<div class=\"container\">\n<div class=\"row\">\n<div class=\"col-lg-4 pt32 pb32 text-center o_colored_level\">\n<p>We provide a due diligence and audit service to the various sectors of your company<\/p>\n<\/div>\n<\/div>\n<\/div>\n<\/section>\n<\/div>\n<\/main>\t\t\t\t\t\t<\/div>\n\t\t\t\t<\/div>\n\t\t\t\t\t<\/div>\n\t\t<\/div>\n\t\t\t\t<div class=\"elementor-column elementor-col-33 elementor-inner-column elementor-element elementor-element-3a56897\" data-id=\"3a56897\" data-element_type=\"column\">\n\t\t\t<div class=\"elementor-widget-wrap elementor-element-populated\">\n\t\t\t\t\t\t\t\t<div class=\"elementor-element elementor-element-ba89187 elementor-view-default elementor-widget elementor-widget-icon\" data-id=\"ba89187\" data-element_type=\"widget\" data-widget_type=\"icon.default\">\n\t\t\t\t<div class=\"elementor-widget-container\">\n\t\t\t\t\t<div class=\"elementor-icon-wrapper\">\n\t\t\t<a class=\"elementor-icon\" href=\"https:\/\/serraodecarvalho.pt\/en_us\/patrocinio-judicial\/\">\n\t\t\t<i aria-hidden=\"true\" class=\"fas fa-gavel\"><\/i>\t\t\t<\/a>\n\t\t<\/div>\n\t\t\t\t<\/div>\n\t\t\t\t<\/div>\n\t\t\t\t<div class=\"elementor-element elementor-element-5b3ef91 elementor-widget elementor-widget-heading\" data-id=\"5b3ef91\" data-element_type=\"widget\" data-widget_type=\"heading.default\">\n\t\t\t\t<div class=\"elementor-widget-container\">\n\t\t\t<h2 class=\"elementor-heading-title elementor-size-default\">Legal Sponsorship<\/h2>\t\t<\/div>\n\t\t\t\t<\/div>\n\t\t\t\t<div class=\"elementor-element elementor-element-ffa6e62 elementor-widget elementor-widget-text-editor\" data-id=\"ffa6e62\" data-element_type=\"widget\" data-widget_type=\"text-editor.default\">\n\t\t\t\t<div class=\"elementor-widget-container\">\n\t\t\t\t\t\t\t<div class=\"col-lg-4 pt32 pb32 text-center o_colored_level\">\n<p>We legally support our clients with the various judicial bodies<\/p>\n<\/div>\t\t\t\t\t\t<\/div>\n\t\t\t\t<\/div>\n\t\t\t\t\t<\/div>\n\t\t<\/div>\n\t\t\t\t\t\t\t<\/div>\n\t\t<\/section>\n\t\t\t\t<div class=\"elementor-element elementor-element-ffc9792 elementor-widget elementor-widget-image\" data-id=\"ffc9792\" data-element_type=\"widget\" data-no-translation=\"\" data-widget_type=\"image.default\">\n\t\t\t\t<div class=\"elementor-widget-container\">\n\t\t\t<style>.elementor-element-ffc9792{display:none !important}<\/style>\t\t<\/div>\n\t\t\t\t<\/div>\n\t\t\t\t<div class=\"elementor-element elementor-element-a4d90f3 elementor-widget elementor-widget-heading\" data-id=\"a4d90f3\" data-element_type=\"widget\" data-widget_type=\"heading.default\">\n\t\t\t\t<div class=\"elementor-widget-container\">\n\t\t\t<h2 class=\"elementor-heading-title elementor-size-default\">Activity Areas<\/h2>\t\t<\/div>\n\t\t\t\t<\/div>\n\t\t\t\t\t<\/div>\n\t\t<\/div>\n\t\t\t\t\t\t\t<\/div>\n\t\t<\/section>\n\t\t\t\t<section class=\"elementor-section elementor-top-section elementor-element elementor-element-1e8433b elementor-section-boxed elementor-section-height-default elementor-section-height-default\" data-id=\"1e8433b\" data-element_type=\"section\">\n\t\t\t\t\t\t<div class=\"elementor-container elementor-column-gap-default\">\n\t\t\t\t\t<div class=\"elementor-column elementor-col-100 elementor-top-column elementor-element elementor-element-75c1fe6\" data-id=\"75c1fe6\" data-element_type=\"column\">\n\t\t\t<div class=\"elementor-widget-wrap elementor-element-populated\">\n\t\t\t\t\t\t\t\t<div class=\"elementor-element elementor-element-63c8ea5 elementor-arrows-position-inside elementor-pagination-position-outside elementor-widget elementor-widget-image-carousel\" data-id=\"63c8ea5\" data-element_type=\"widget\" data-settings=\"{&quot;slides_to_show&quot;:&quot;4&quot;,&quot;navigation&quot;:&quot;both&quot;,&quot;autoplay&quot;:&quot;yes&quot;,&quot;pause_on_hover&quot;:&quot;yes&quot;,&quot;pause_on_interaction&quot;:&quot;yes&quot;,&quot;autoplay_speed&quot;:5000,&quot;infinite&quot;:&quot;yes&quot;,&quot;speed&quot;:500}\" data-widget_type=\"image-carousel.default\">\n\t\t\t\t<div class=\"elementor-widget-container\">\n\t\t\t\t\t<div class=\"elementor-image-carousel-wrapper swiper-container\" dir=\"ltr\">\n\t\t\t<div class=\"elementor-image-carousel swiper-wrapper\" aria-live=\"off\">\n\t\t\t\t\t\t\t\t<div class=\"swiper-slide\" role=\"group\" aria-roledescription=\"slide\" aria-label=\"1 of 9\"><figure class=\"swiper-slide-inner\"><img decoding=\"async\" class=\"swiper-slide-image\" src=\"https:\/\/serraodecarvalho.pt\/wp-content\/uploads\/2021\/11\/IMG_20150819_131939-150x150.jpg\" alt=\"Constitui\u00e7\u00e3o de Sociedades\" \/><figcaption class=\"elementor-image-carousel-caption\">Incorporation of Companies<\/figcaption><\/figure><\/div><div class=\"swiper-slide\" role=\"group\" aria-roledescription=\"slide\" aria-label=\"2 of 9\"><figure class=\"swiper-slide-inner\"><img decoding=\"async\" class=\"swiper-slide-image\" src=\"https:\/\/serraodecarvalho.pt\/wp-content\/uploads\/2021\/11\/IMG_20150819_095833-150x150.jpg\" alt=\"Prote\u00e7\u00e3o de Dados\" \/><figcaption class=\"elementor-image-carousel-caption\">Data Protection<\/figcaption><\/figure><\/div><div class=\"swiper-slide\" role=\"group\" aria-roledescription=\"slide\" aria-label=\"3 of 9\"><figure class=\"swiper-slide-inner\"><img decoding=\"async\" class=\"swiper-slide-image\" src=\"https:\/\/serraodecarvalho.pt\/wp-content\/uploads\/2021\/11\/IMG_20150816_101949-150x150.jpg\" alt=\"Web 3\" \/><figcaption class=\"elementor-image-carousel-caption\">Web 3<\/figcaption><\/figure><\/div><div class=\"swiper-slide\" role=\"group\" aria-roledescription=\"slide\" aria-label=\"4 of 9\"><figure class=\"swiper-slide-inner\"><img decoding=\"async\" class=\"swiper-slide-image\" src=\"https:\/\/serraodecarvalho.pt\/wp-content\/uploads\/2021\/11\/IMG_20150816_150416-150x150.jpg\" alt=\"Recupera\u00e7\u00e3o de Empresas\" \/><figcaption class=\"elementor-image-carousel-caption\">Business Recovery<\/figcaption><\/figure><\/div><div class=\"swiper-slide\" role=\"group\" aria-roledescription=\"slide\" aria-label=\"5 of 9\"><figure class=\"swiper-slide-inner\"><img decoding=\"async\" class=\"swiper-slide-image\" src=\"https:\/\/serraodecarvalho.pt\/wp-content\/uploads\/2021\/11\/IMG_20150816_100204-150x150.jpg\" alt=\"Insolv\u00eancias\" \/><figcaption class=\"elementor-image-carousel-caption\">Insolvencies<\/figcaption><\/figure><\/div><div class=\"swiper-slide\" role=\"group\" aria-roledescription=\"slide\" aria-label=\"6 of 9\"><figure class=\"swiper-slide-inner\"><img decoding=\"async\" class=\"swiper-slide-image\" src=\"https:\/\/serraodecarvalho.pt\/wp-content\/uploads\/2021\/11\/1439972173571-150x150.jpg\" alt=\"DeFi\" \/><figcaption class=\"elementor-image-carousel-caption\">DeFi<\/figcaption><\/figure><\/div><div class=\"swiper-slide\" role=\"group\" aria-roledescription=\"slide\" aria-label=\"7 of 9\"><figure class=\"swiper-slide-inner\"><img decoding=\"async\" class=\"swiper-slide-image\" src=\"https:\/\/serraodecarvalho.pt\/wp-content\/uploads\/2021\/11\/IMG_20150816_095535-150x150.jpg\" alt=\"Crimes Econ\u00f3micos\" \/><figcaption class=\"elementor-image-carousel-caption\">Economic Crimes<\/figcaption><\/figure><\/div><div class=\"swiper-slide\" role=\"group\" aria-roledescription=\"slide\" aria-label=\"8 of 9\"><figure class=\"swiper-slide-inner\"><img decoding=\"async\" class=\"swiper-slide-image\" src=\"https:\/\/serraodecarvalho.pt\/wp-content\/uploads\/2021\/11\/IMG_20150816_110720-150x150.jpg\" alt=\"Direito Laboral\" \/><figcaption class=\"elementor-image-carousel-caption\">Labour Law<\/figcaption><\/figure><\/div><div class=\"swiper-slide\" role=\"group\" aria-roledescription=\"slide\" aria-label=\"9 of 9\"><figure class=\"swiper-slide-inner\"><img decoding=\"async\" class=\"swiper-slide-image\" src=\"https:\/\/serraodecarvalho.pt\/wp-content\/uploads\/2021\/11\/IMG_20150818_094558-150x150.jpg\" alt=\"Direito Comercial\" \/><figcaption class=\"elementor-image-carousel-caption\">Commercial Law<\/figcaption><\/figure><\/div>\t\t\t<\/div>\n\t\t\t\t\t\t\t\t\t\t\t\t<div class=\"elementor-swiper-button elementor-swiper-button-prev\" role=\"button\" tabindex=\"0\">\n\t\t\t\t\t\t<i aria-hidden=\"true\" class=\"eicon-chevron-left\"><\/i>\t\t\t\t\t<\/div>\n\t\t\t\t\t<div class=\"elementor-swiper-button elementor-swiper-button-next\" role=\"button\" tabindex=\"0\">\n\t\t\t\t\t\t<i aria-hidden=\"true\" class=\"eicon-chevron-right\"><\/i>\t\t\t\t\t<\/div>\n\t\t\t\t\n\t\t\t\t\t\t\t\t\t<div class=\"swiper-pagination\"><\/div>\n\t\t\t\t\t\t\t\t\t<\/div>\n\t\t\t\t<\/div>\n\t\t\t\t<\/div>\n\t\t\t\t\t<\/div>\n\t\t<\/div>\n\t\t\t\t\t\t\t<\/div>\n\t\t<\/section>\n\t\t\t\t\t\t\t<\/div>","protected":false},"excerpt":{"rendered":"<p>&#8220;Nada \u00e9 complicado se nos prepararmos previamente!&#8221; Conf\u00facio Agendar Reuni\u00e3o Consulta Online Constitui\u00e7\u00e3o de Sociedades Prote\u00e7\u00e3o de Dados Os Nossos Servi\u00e7os Consultoria Prestamos um servi\u00e7o de consultoria que visa garantir o desenvolvimento equilibrado dos neg\u00f3cios Compliance Disponibilizamos um servi\u00e7o de due diligence e auditoria aos diversos setores da sua empresa Patroc\u00ednio Judicial Apoiamos juridicamente os&hellip; <a class=\"more-link\" href=\"https:\/\/serraodecarvalho.pt\/en_us\/\">Continue reading <span class=\"screen-reader-text\">P\u00e1gina Inicial<\/span><\/a><\/p>","protected":false},"author":2,"featured_media":0,"parent":0,"menu_order":0,"comment_status":"closed","ping_status":"closed","template":"elementor_header_footer","meta":{"footnotes":""},"class_list":["post-8","page","type-page","status-publish","hentry","entry"],"_links":{"self":[{"href":"https:\/\/serraodecarvalho.pt\/en_us\/wp-json\/wp\/v2\/pages\/8","targetHints":{"allow":["GET"]}}],"collection":[{"href":"https:\/\/serraodecarvalho.pt\/en_us\/wp-json\/wp\/v2\/pages"}],"about":[{"href":"https:\/\/serraodecarvalho.pt\/en_us\/wp-json\/wp\/v2\/types\/page"}],"author":[{"embeddable":true,"href":"https:\/\/serraodecarvalho.pt\/en_us\/wp-json\/wp\/v2\/users\/2"}],"replies":[{"embeddable":true,"href":"https:\/\/serraodecarvalho.pt\/en_us\/wp-json\/wp\/v2\/comments?post=8"}],"version-history":[{"count":252,"href":"https:\/\/serraodecarvalho.pt\/en_us\/wp-json\/wp\/v2\/pages\/8\/revisions"}],"predecessor-version":[{"id":1342,"href":"https:\/\/serraodecarvalho.pt\/en_us\/wp-json\/wp\/v2\/pages\/8\/revisions\/1342"}],"wp:attachment":[{"href":"https:\/\/serraodecarvalho.pt\/en_us\/wp-json\/wp\/v2\/media?parent=8"}],"curies":[{"name":"wp","href":"https:\/\/api.w.org\/{rel}","templated":true}]}}