{"id":735,"date":"2021-12-23T19:38:22","date_gmt":"2021-12-23T19:38:22","guid":{"rendered":"https:\/\/dev.serraodecarvalho.pt\/?page_id=735"},"modified":"2022-01-07T13:24:10","modified_gmt":"2022-01-07T13:24:10","slug":"constituicao-de-sociedades","status":"publish","type":"page","link":"https:\/\/serraodecarvalho.pt\/en_us\/constituicao-de-sociedades\/","title":{"rendered":"Incorporation of Companies"},"content":{"rendered":"<div data-elementor-type=\"wp-page\" data-elementor-id=\"735\" class=\"elementor elementor-735\">\n\t\t\t\t\t\t\t\t\t<section class=\"elementor-section elementor-top-section elementor-element elementor-element-4b7da96 elementor-section-boxed elementor-section-height-default elementor-section-height-default\" data-id=\"4b7da96\" data-element_type=\"section\">\n\t\t\t\t\t\t<div class=\"elementor-container elementor-column-gap-default\">\n\t\t\t\t\t<div class=\"elementor-column elementor-col-100 elementor-top-column elementor-element elementor-element-a840cc5\" data-id=\"a840cc5\" data-element_type=\"column\">\n\t\t\t<div class=\"elementor-widget-wrap elementor-element-populated\">\n\t\t\t\t\t\t\t\t<div class=\"elementor-element elementor-element-c603964 elementor-widget elementor-widget-heading\" data-id=\"c603964\" data-element_type=\"widget\" data-widget_type=\"heading.default\">\n\t\t\t\t<div class=\"elementor-widget-container\">\n\t\t\t<h2 class=\"elementor-heading-title elementor-size-default\">Incorporation of Companies<\/h2>\t\t<\/div>\n\t\t\t\t<\/div>\n\t\t\t\t\t<\/div>\n\t\t<\/div>\n\t\t\t\t\t\t\t<\/div>\n\t\t<\/section>\n\t\t\t\t<section class=\"elementor-section elementor-top-section elementor-element elementor-element-eef5412 elementor-section-stretched elementor-section-full_width elementor-section-height-default elementor-section-height-default\" data-id=\"eef5412\" data-element_type=\"section\" data-settings=\"{&quot;stretch_section&quot;:&quot;section-stretched&quot;}\">\n\t\t\t\t\t\t<div class=\"elementor-container elementor-column-gap-default\">\n\t\t\t\t\t<div class=\"elementor-column elementor-col-66 elementor-top-column elementor-element elementor-element-9747011\" data-id=\"9747011\" data-element_type=\"column\">\n\t\t\t<div class=\"elementor-widget-wrap elementor-element-populated\">\n\t\t\t\t\t\t\t\t<div class=\"elementor-element elementor-element-a46c45c elementor-widget elementor-widget-text-editor\" data-id=\"a46c45c\" data-element_type=\"widget\" data-widget_type=\"text-editor.default\">\n\t\t\t\t<div class=\"elementor-widget-container\">\n\t\t\t\t\t\t\tThe incorporation of commercial companies in Portugal is regulated in the Commercial Companies Code, and there is also a set of specific legislation that regulates the legal regime of some specific commercial companies.<br><br\/>\nFirst, it is necessary to decide what type of company should be adopted, the most common structures being the \"Sociedade An\u00f3nima\" or \"Sociedade por Quotas\", there may also be a so-called \"Sociedade Unipessoal por Quotas\", in case there is only one partner, which may be a legal person.<br><br\/>\n<table width=\"463\">\n<tbody>\n<tr>\n<td width=\"142\"><strong>\u00a0<\/strong><\/td>\n<td width=\"161\"><strong>SOCIEDADE AN\u00d3NIMA<\/strong><\/td>\n<td width=\"161\"><strong>SOCIEDADE POR QUOTAS<\/strong><\/td>\n<\/tr>\n<tr>\n<td width=\"142\"><strong>Minimum number of equity participants<\/strong><\/td>\n<td width=\"161\">Five (one if a legal person)<\/td>\n<td width=\"161\">Two (one in the case of \"Sociedade Unipessoal\")<\/td>\n<\/tr>\n<tr>\n<td width=\"142\"><strong>Minimum Share Capital <\/strong><\/td>\n<td width=\"161\">50.000,00\u20ac<\/td>\n<td width=\"161\">\u20ac2.00 (one euro for each partner, in the case of a \"Sociedade Unipessoal\" the minimum capital is \u20ac1.00)<\/td>\n<\/tr>\n<tr>\n<td width=\"142\"><strong>Liability <\/strong><\/td>\n<td width=\"161\">The liability of shareholders is limited to the value of the subscribed capital<\/td>\n<td width=\"161\">The partners' liability is limited to the realization of the share capital.<\/td>\n<\/tr>\n<\/tbody>\n<\/table><br>\nWith regard to management and supervision, in the case of \"Sociedades An\u00f3nimas\", there are several structures, the most common being for unlisted companies, a board of directors (or single director if the share capital does not exceed 200,000.00) and a supervisory board (or single auditor, normally ROC), and a supervisory board is mandatory whenever, for 2 consecutive years, two of the following three limits are exceeded: Balance sheet total greater than 100,000,000.00; income above 150,000,000.00; average number of workers during the year above 150.<br><br\/>\n\nIn the case of \"Sociedades por Quotas\", management is assumed by \"Ger\u00eancia\", which may be composed of one or more managers. A supervisory body or the appointment of a Statutory Auditor is only necessary if, during 2 consecutive years, two of the following three limits are exceeded: Balance sheet total greater than 1,500,000.00; income above 3,000,000.00; average number of workers during the year above 50.<br><br\/>\n\n<strong>Simplified regime for the incorporation of companies<\/strong><br><br\/>\n\nThe incorporation of companies in Portugal has been greatly simplified through the so-called \u201cSimplex\u201d program, and it is possible to set up a company at any commercial registry office through \u201cEmpresa na Hora\u201d or at a Lawyers office through \u201cEmpresa Online\u201d, this is of course without prejudice to always being able to follow the traditional method of incorporation of companies.<br><br\/>\n\n<strong>\"Empresa na Hora\"<\/strong><br><br\/>\n\nIt is possible to establish a company quickly (approximately one hour), with all procedures carried out at any of the \"Empresa na Hora\" branches on the spot available in various parts of the country, regardless of the location of the company's headquarters, being it is still possible to obtain a pre-approved trademark with the same company name.<br><br\/>\n\nTo set up the company, it is necessary to choose from the list of pre-approved company names, available on the Internet on the Empresa na Hora website or directly at one of the Empresa na Hora service desks, a company name. It is also possible to choose a company name not included in the list of pre-approved designations, but it is necessary to obtain a certificate of admissibility from the company beforehand from the National Register of Legal Entities.<br><br\/>\n\nSubsequently, one of the pre-approved models of bylaws, available in the same places, must be chosen, and then you only have to appear in person at one of the existing Service Desks for the purpose, accompanied by an identification document and taxpayer card (for individuals) or card of taxpayer of the legal person, permanent certificate and document that confers the powers of representation (in the case of corporate members).<br><br\/>\n\nAfter choosing the articles of association, they must be executed immediately and the commercial registration is concluded. The partners immediately receive the access code to the permanent certificate of commercial registration, the NISS and a certified version of the company's articles of association.<br><br\/>\n\nAs a general rule, the partners must deposit the share capital within 5 days after the incorporation of the company, with regard to \"Sociedades por Quotas\" and \"Sociedades Unipessoais por Quotas\", the partners may declare in the constitution that the contributions in cash will be deposited in a bank account opened in the name of the new company until the end of the first financial year.<br><br\/>\n\nFinally, the company must be registered for tax purposes upon presentation of the declaration of commencement of activity, which can be delivered to the \"Empresa na Hora\" on the spot if it is signed by the Certified Accountant, otherwise, it must be presented at a Tax Authority Services within 15 days after the incorporation of the company.<br><br\/>\n\n<strong>\"Empresa Online\"<\/strong><br><br\/>\n\nThe online incorporation of \"Sociedades An\u00f3nimas\" or \"Sociedades por Quotas\" (except European limited companies and companies whose capital is paid up with entries of immovable property) is carried out through the \"Portal da Empresa\", and the registration of the company is carried out immediately (in the case of the company adopts a model of bylaws pre-approved by the RNPC) or within a maximum period of 2 working days (in case the participants agree on a different version of the bylaws, which must be submitted by one of the  participants).<br><br\/>\n\nAccess to the Online Company creation service implies the use of a computer with an Internet connection and the use of digital certification. The other steps to be followed are in every way similars to the establishment of the \"Empresa na Hora\".\t\t\t\t\t\t<\/div>\n\t\t\t\t<\/div>\n\t\t\t\t\t<\/div>\n\t\t<\/div>\n\t\t\t\t<div class=\"elementor-column elementor-col-33 elementor-top-column elementor-element elementor-element-d59e995\" data-id=\"d59e995\" data-element_type=\"column\">\n\t\t\t<div class=\"elementor-widget-wrap elementor-element-populated\">\n\t\t\t\t\t\t\t\t<div class=\"elementor-element elementor-element-059924e elementor-hidden-mobile elementor-widget elementor-widget-image\" data-id=\"059924e\" data-element_type=\"widget\" data-widget_type=\"image.default\">\n\t\t\t\t<div class=\"elementor-widget-container\">\n\t\t\t\t\t\t\t\t\t\t\t\t\t\t\t<img loading=\"lazy\" decoding=\"async\" width=\"750\" height=\"500\" src=\"https:\/\/serraodecarvalho.pt\/wp-content\/uploads\/2021\/11\/right-ga90d2ab68_1920-1024x683.jpg\" class=\"attachment-large size-large wp-image-303\" alt=\"\" srcset=\"https:\/\/serraodecarvalho.pt\/wp-content\/uploads\/2021\/11\/right-ga90d2ab68_1920-1024x683.jpg 1024w, https:\/\/serraodecarvalho.pt\/wp-content\/uploads\/2021\/11\/right-ga90d2ab68_1920-600x400.jpg 600w, https:\/\/serraodecarvalho.pt\/wp-content\/uploads\/2021\/11\/right-ga90d2ab68_1920-300x200.jpg 300w, https:\/\/serraodecarvalho.pt\/wp-content\/uploads\/2021\/11\/right-ga90d2ab68_1920-768x512.jpg 768w, https:\/\/serraodecarvalho.pt\/wp-content\/uploads\/2021\/11\/right-ga90d2ab68_1920-1536x1024.jpg 1536w, https:\/\/serraodecarvalho.pt\/wp-content\/uploads\/2021\/11\/right-ga90d2ab68_1920-1568x1045.jpg 1568w, https:\/\/serraodecarvalho.pt\/wp-content\/uploads\/2021\/11\/right-ga90d2ab68_1920.jpg 1920w\" sizes=\"auto, (max-width: 750px) 100vw, 750px\" style=\"width:100%;height:66.67%;max-width:1920px\" \/>\t\t\t\t\t\t\t\t\t\t\t\t\t\t\t<\/div>\n\t\t\t\t<\/div>\n\t\t\t\t\t<\/div>\n\t\t<\/div>\n\t\t\t\t\t\t\t<\/div>\n\t\t<\/section>\n\t\t\t\t<section class=\"elementor-section elementor-top-section elementor-element elementor-element-082d1ee elementor-section-boxed elementor-section-height-default elementor-section-height-default\" data-id=\"082d1ee\" data-element_type=\"section\">\n\t\t\t\t\t\t<div class=\"elementor-container elementor-column-gap-default\">\n\t\t\t\t\t<div class=\"elementor-column elementor-col-100 elementor-top-column elementor-element elementor-element-69b08ac\" data-id=\"69b08ac\" data-element_type=\"column\">\n\t\t\t<div class=\"elementor-widget-wrap elementor-element-populated\">\n\t\t\t\t\t\t\t\t<div class=\"elementor-element elementor-element-d721f91 elementor-widget elementor-widget-image\" data-id=\"d721f91\" data-element_type=\"widget\" data-widget_type=\"image.default\">\n\t\t\t\t<div class=\"elementor-widget-container\">\n\t\t\t\t\t\t\t\t\t\t\t\t<figure class=\"wp-caption\">\n\t\t\t\t\t\t\t\t\t\t\t<a href=\"https:\/\/serraodecarvalho.pt\/en_us\/contacto\/\">\n\t\t\t\t\t\t\t<img decoding=\"async\" src=\"https:\/\/serraodecarvalho.pt\/wp-content\/uploads\/elementor\/thumbs\/Logo-Icon-Main-Gold-pttuuhsga1qy4ey3xiv4nqqj97fml8m1cmanjsd1c0.png\" title=\"Logo Icon- Main (Gold)\" alt=\"Logo Icon- Main (Gold)\" loading=\"lazy\" \/>\t\t\t\t\t\t\t\t<\/a>\n\t\t\t\t\t\t\t\t\t\t\t<figcaption class=\"widget-image-caption wp-caption-text\">More Information<\/figcaption>\n\t\t\t\t\t\t\t\t\t\t<\/figure>\n\t\t\t\t\t\t\t\t\t<\/div>\n\t\t\t\t<\/div>\n\t\t\t\t\t<\/div>\n\t\t<\/div>\n\t\t\t\t\t\t\t<\/div>\n\t\t<\/section>\n\t\t\t\t\t\t\t<\/div>","protected":false},"excerpt":{"rendered":"<p>Constitui\u00e7\u00e3o de sociedades A constitui\u00e7\u00e3o de sociedades comerciais, em Portugal, \u00e9 regulada no C\u00f3digo das Sociedades Comerciais, existindo tamb\u00e9m um conjunto de legisla\u00e7\u00e3o espec\u00edfica que regula o regime jur\u00eddico de algumas sociedades comerciais espec\u00edficas. Em primeiro lugar \u00e9 necess\u00e1rio tomar a decis\u00e3o de que tipo de sociedade se dever\u00e1 adotar, sendo as estruturas mais comuns&hellip; <a class=\"more-link\" href=\"https:\/\/serraodecarvalho.pt\/en_us\/constituicao-de-sociedades\/\">Continue reading <span class=\"screen-reader-text\">Incorporation of Companies<\/span><\/a><\/p>","protected":false},"author":2,"featured_media":0,"parent":0,"menu_order":0,"comment_status":"closed","ping_status":"open","template":"","meta":{"footnotes":""},"class_list":["post-735","page","type-page","status-publish","hentry","entry"],"_links":{"self":[{"href":"https:\/\/serraodecarvalho.pt\/en_us\/wp-json\/wp\/v2\/pages\/735","targetHints":{"allow":["GET"]}}],"collection":[{"href":"https:\/\/serraodecarvalho.pt\/en_us\/wp-json\/wp\/v2\/pages"}],"about":[{"href":"https:\/\/serraodecarvalho.pt\/en_us\/wp-json\/wp\/v2\/types\/page"}],"author":[{"embeddable":true,"href":"https:\/\/serraodecarvalho.pt\/en_us\/wp-json\/wp\/v2\/users\/2"}],"replies":[{"embeddable":true,"href":"https:\/\/serraodecarvalho.pt\/en_us\/wp-json\/wp\/v2\/comments?post=735"}],"version-history":[{"count":40,"href":"https:\/\/serraodecarvalho.pt\/en_us\/wp-json\/wp\/v2\/pages\/735\/revisions"}],"predecessor-version":[{"id":1157,"href":"https:\/\/serraodecarvalho.pt\/en_us\/wp-json\/wp\/v2\/pages\/735\/revisions\/1157"}],"wp:attachment":[{"href":"https:\/\/serraodecarvalho.pt\/en_us\/wp-json\/wp\/v2\/media?parent=735"}],"curies":[{"name":"wp","href":"https:\/\/api.w.org\/{rel}","templated":true}]}}