{"id":628,"date":"2021-12-23T18:20:37","date_gmt":"2021-12-23T18:20:37","guid":{"rendered":"https:\/\/dev.serraodecarvalho.pt\/?page_id=628"},"modified":"2021-12-23T19:10:54","modified_gmt":"2021-12-23T19:10:54","slug":"patrocinio-judicial","status":"publish","type":"page","link":"https:\/\/serraodecarvalho.pt\/en_us\/patrocinio-judicial\/","title":{"rendered":"Legal Sponsorship"},"content":{"rendered":"<div data-elementor-type=\"wp-page\" data-elementor-id=\"628\" class=\"elementor elementor-628\">\n\t\t\t\t\t\t\t\t\t<section class=\"elementor-section elementor-top-section elementor-element elementor-element-0be0343 elementor-section-boxed elementor-section-height-default elementor-section-height-default\" data-id=\"0be0343\" data-element_type=\"section\">\n\t\t\t\t\t\t<div class=\"elementor-container elementor-column-gap-default\">\n\t\t\t\t\t<div class=\"elementor-column elementor-col-100 elementor-top-column elementor-element elementor-element-37289bc\" data-id=\"37289bc\" data-element_type=\"column\">\n\t\t\t<div class=\"elementor-widget-wrap elementor-element-populated\">\n\t\t\t\t\t\t\t\t<div class=\"elementor-element elementor-element-598b8c9 elementor-widget elementor-widget-heading\" data-id=\"598b8c9\" data-element_type=\"widget\" data-widget_type=\"heading.default\">\n\t\t\t\t<div class=\"elementor-widget-container\">\n\t\t\t<h2 class=\"elementor-heading-title elementor-size-default\">Legal Sponsorship<\/h2>\t\t<\/div>\n\t\t\t\t<\/div>\n\t\t\t\t\t<\/div>\n\t\t<\/div>\n\t\t\t\t\t\t\t<\/div>\n\t\t<\/section>\n\t\t\t\t<section class=\"elementor-section elementor-top-section elementor-element elementor-element-8e8f8f5 elementor-section-full_width elementor-section-stretched elementor-section-height-default elementor-section-height-default\" data-id=\"8e8f8f5\" data-element_type=\"section\" data-settings=\"{&quot;stretch_section&quot;:&quot;section-stretched&quot;}\">\n\t\t\t\t\t\t<div class=\"elementor-container elementor-column-gap-default\">\n\t\t\t\t\t<div class=\"elementor-column elementor-col-50 elementor-top-column elementor-element elementor-element-a5b89d1\" data-id=\"a5b89d1\" data-element_type=\"column\">\n\t\t\t<div class=\"elementor-widget-wrap elementor-element-populated\">\n\t\t\t\t\t\t\t\t<div class=\"elementor-element elementor-element-0bb209d elementor-widget elementor-widget-text-editor\" data-id=\"0bb209d\" data-element_type=\"widget\" data-widget_type=\"text-editor.default\">\n\t\t\t\t<div class=\"elementor-widget-container\">\n\t\t\t\t\t\t\t<p>\u00a0<\/p><p>We are able to legally support our customers in their day-to-day challenges, throughout the national territory, whether in a preventive or judicial manner, namely in the following areas:\u00a0<\/p><p>\u00a0<\/p><p>Tax Law\u00a0<\/p><p>Labour Law\u00a0<\/p><p>Corporate Law\u00a0<\/p><p>Economic Criminal Law\u00a0<\/p><p>Credit Recovery<\/p><p>Insurance Law\u00a0<\/p><p>Public Contracting\u00a0<\/p><p>Insolvencies<\/p><p>Business Recovery<\/p>\t\t\t\t\t\t<\/div>\n\t\t\t\t<\/div>\n\t\t\t\t\t<\/div>\n\t\t<\/div>\n\t\t\t\t<div class=\"elementor-column elementor-col-50 elementor-top-column elementor-element elementor-element-562076f\" data-id=\"562076f\" data-element_type=\"column\">\n\t\t\t<div class=\"elementor-widget-wrap elementor-element-populated\">\n\t\t\t\t\t\t\t\t<div class=\"elementor-element elementor-element-99190a9 elementor-widget elementor-widget-image\" data-id=\"99190a9\" data-element_type=\"widget\" data-widget_type=\"image.default\">\n\t\t\t\t<div class=\"elementor-widget-container\">\n\t\t\t\t\t\t\t\t\t\t\t\t\t\t\t<img loading=\"lazy\" decoding=\"async\" width=\"750\" height=\"437\" src=\"https:\/\/serraodecarvalho.pt\/wp-content\/uploads\/2021\/11\/IMG_20200409_110414_resized_20200409_043921015-1024x596.jpg\" class=\"attachment-large size-large wp-image-297\" alt=\"\" srcset=\"https:\/\/serraodecarvalho.pt\/wp-content\/uploads\/2021\/11\/IMG_20200409_110414_resized_20200409_043921015-1024x596.jpg 1024w, https:\/\/serraodecarvalho.pt\/wp-content\/uploads\/2021\/11\/IMG_20200409_110414_resized_20200409_043921015-600x349.jpg 600w, https:\/\/serraodecarvalho.pt\/wp-content\/uploads\/2021\/11\/IMG_20200409_110414_resized_20200409_043921015-300x175.jpg 300w, https:\/\/serraodecarvalho.pt\/wp-content\/uploads\/2021\/11\/IMG_20200409_110414_resized_20200409_043921015-768x447.jpg 768w, https:\/\/serraodecarvalho.pt\/wp-content\/uploads\/2021\/11\/IMG_20200409_110414_resized_20200409_043921015-1536x894.jpg 1536w, https:\/\/serraodecarvalho.pt\/wp-content\/uploads\/2021\/11\/IMG_20200409_110414_resized_20200409_043921015-1568x912.jpg 1568w, https:\/\/serraodecarvalho.pt\/wp-content\/uploads\/2021\/11\/IMG_20200409_110414_resized_20200409_043921015.jpg 1638w\" sizes=\"auto, (max-width: 750px) 100vw, 750px\" style=\"width:100%;height:58.18%;max-width:1638px\" \/>\t\t\t\t\t\t\t\t\t\t\t\t\t\t\t<\/div>\n\t\t\t\t<\/div>\n\t\t\t\t\t<\/div>\n\t\t<\/div>\n\t\t\t\t\t\t\t<\/div>\n\t\t<\/section>\n\t\t\t\t\t\t\t<\/div>","protected":false},"excerpt":{"rendered":"<p>Patroc\u00ednio Judicial \u00a0 Estamos aptos a apoiar juridicamente os nossos clientes nos desafios do dia a dia, em todo o territ\u00f3rio nacional, quer seja de uma forma preventiva quer seja judicialmente, nomeadamente nas seguintes \u00e1reas:\u00a0 \u00a0 Direito Tribut\u00e1rio\u00a0 Direito Laboral\u00a0 Direito Societ\u00e1rio\u00a0 Direito Penal Econ\u00f3mico\u00a0 Recupera\u00e7\u00e3o de Cr\u00e9ditos Direito dos Seguros\u00a0 Contrata\u00e7\u00e3o P\u00fablica\u00a0 Insolv\u00eancias Recupera\u00e7\u00e3o&hellip; <a class=\"more-link\" href=\"https:\/\/serraodecarvalho.pt\/en_us\/patrocinio-judicial\/\">Continue reading <span class=\"screen-reader-text\">Legal Sponsorship<\/span><\/a><\/p>","protected":false},"author":2,"featured_media":0,"parent":0,"menu_order":0,"comment_status":"closed","ping_status":"closed","template":"","meta":{"footnotes":""},"class_list":["post-628","page","type-page","status-publish","hentry","entry"],"_links":{"self":[{"href":"https:\/\/serraodecarvalho.pt\/en_us\/wp-json\/wp\/v2\/pages\/628","targetHints":{"allow":["GET"]}}],"collection":[{"href":"https:\/\/serraodecarvalho.pt\/en_us\/wp-json\/wp\/v2\/pages"}],"about":[{"href":"https:\/\/serraodecarvalho.pt\/en_us\/wp-json\/wp\/v2\/types\/page"}],"author":[{"embeddable":true,"href":"https:\/\/serraodecarvalho.pt\/en_us\/wp-json\/wp\/v2\/users\/2"}],"replies":[{"embeddable":true,"href":"https:\/\/serraodecarvalho.pt\/en_us\/wp-json\/wp\/v2\/comments?post=628"}],"version-history":[{"count":28,"href":"https:\/\/serraodecarvalho.pt\/en_us\/wp-json\/wp\/v2\/pages\/628\/revisions"}],"predecessor-version":[{"id":727,"href":"https:\/\/serraodecarvalho.pt\/en_us\/wp-json\/wp\/v2\/pages\/628\/revisions\/727"}],"wp:attachment":[{"href":"https:\/\/serraodecarvalho.pt\/en_us\/wp-json\/wp\/v2\/media?parent=628"}],"curies":[{"name":"wp","href":"https:\/\/api.w.org\/{rel}","templated":true}]}}