{"id":595,"date":"2021-12-23T17:02:05","date_gmt":"2021-12-23T17:02:05","guid":{"rendered":"https:\/\/dev.serraodecarvalho.pt\/?page_id=595"},"modified":"2022-01-17T19:46:33","modified_gmt":"2022-01-17T19:46:33","slug":"conhecimento","status":"publish","type":"page","link":"https:\/\/serraodecarvalho.pt\/en_us\/conhecimento\/","title":{"rendered":"Knowledge"},"content":{"rendered":"<div data-elementor-type=\"wp-page\" data-elementor-id=\"595\" class=\"elementor elementor-595\">\n\t\t\t\t\t\t\t\t\t<section class=\"elementor-section elementor-top-section elementor-element elementor-element-672a598 elementor-section-boxed elementor-section-height-default elementor-section-height-default\" data-id=\"672a598\" data-element_type=\"section\">\n\t\t\t\t\t\t<div class=\"elementor-container elementor-column-gap-default\">\n\t\t\t\t\t<div class=\"elementor-column elementor-col-100 elementor-top-column elementor-element elementor-element-f4e0fe8\" data-id=\"f4e0fe8\" data-element_type=\"column\">\n\t\t\t<div class=\"elementor-widget-wrap elementor-element-populated\">\n\t\t\t\t\t\t\t\t<div class=\"elementor-element elementor-element-c5ab22a elementor-widget elementor-widget-heading\" data-id=\"c5ab22a\" data-element_type=\"widget\" data-widget_type=\"heading.default\">\n\t\t\t\t<div class=\"elementor-widget-container\">\n\t\t\t<h2 class=\"elementor-heading-title elementor-size-default\">Knowledge<\/h2>\t\t<\/div>\n\t\t\t\t<\/div>\n\t\t\t\t\t<\/div>\n\t\t<\/div>\n\t\t\t\t\t\t\t<\/div>\n\t\t<\/section>\n\t\t\t\t\t\t\t<\/div>","protected":false},"excerpt":{"rendered":"<p>Conhecimento &#8220;Golden Visa&#8221; &#8211; Altera\u00e7\u00f5es 2022 Ricardo | Janeiro 17, 2022 RERE &#8211; Regime Extrajudicial de Recupera\u00e7\u00e3o de Empresas Ricardo | Dezembro 23, 2021 PEVE &#8211; Processo Extraordin\u00e1rio de Viabiliza\u00e7\u00e3o de Empresas Ricardo | Dezembro 23, 2021 A recupera\u00e7\u00e3o de IVA nos cr\u00e9ditos incobr\u00e1veis Ricardo | Novembro 28, 2021<\/p>","protected":false},"author":1,"featured_media":0,"parent":0,"menu_order":0,"comment_status":"closed","ping_status":"closed","template":"elementor_header_footer","meta":{"footnotes":""},"class_list":["post-595","page","type-page","status-publish","hentry","entry"],"_links":{"self":[{"href":"https:\/\/serraodecarvalho.pt\/en_us\/wp-json\/wp\/v2\/pages\/595","targetHints":{"allow":["GET"]}}],"collection":[{"href":"https:\/\/serraodecarvalho.pt\/en_us\/wp-json\/wp\/v2\/pages"}],"about":[{"href":"https:\/\/serraodecarvalho.pt\/en_us\/wp-json\/wp\/v2\/types\/page"}],"author":[{"embeddable":true,"href":"https:\/\/serraodecarvalho.pt\/en_us\/wp-json\/wp\/v2\/users\/1"}],"replies":[{"embeddable":true,"href":"https:\/\/serraodecarvalho.pt\/en_us\/wp-json\/wp\/v2\/comments?post=595"}],"version-history":[{"count":7,"href":"https:\/\/serraodecarvalho.pt\/en_us\/wp-json\/wp\/v2\/pages\/595\/revisions"}],"predecessor-version":[{"id":1282,"href":"https:\/\/serraodecarvalho.pt\/en_us\/wp-json\/wp\/v2\/pages\/595\/revisions\/1282"}],"wp:attachment":[{"href":"https:\/\/serraodecarvalho.pt\/en_us\/wp-json\/wp\/v2\/media?parent=595"}],"curies":[{"name":"wp","href":"https:\/\/api.w.org\/{rel}","templated":true}]}}