{"id":267,"date":"2021-11-28T14:21:05","date_gmt":"2021-11-28T14:21:05","guid":{"rendered":"https:\/\/dev.serraodecarvalho.pt\/?page_id=267"},"modified":"2021-12-23T19:02:47","modified_gmt":"2021-12-23T19:02:47","slug":"compliance","status":"publish","type":"page","link":"https:\/\/serraodecarvalho.pt\/en_us\/compliance\/","title":{"rendered":"Compliance"},"content":{"rendered":"<div data-elementor-type=\"wp-page\" data-elementor-id=\"267\" class=\"elementor elementor-267\">\n\t\t\t\t\t\t\t\t\t<section class=\"elementor-section elementor-top-section elementor-element elementor-element-a81d0dc elementor-section-boxed elementor-section-height-default elementor-section-height-default\" data-id=\"a81d0dc\" data-element_type=\"section\">\n\t\t\t\t\t\t<div class=\"elementor-container elementor-column-gap-default\">\n\t\t\t\t\t<div class=\"elementor-column elementor-col-100 elementor-top-column elementor-element elementor-element-f6dceaf\" data-id=\"f6dceaf\" data-element_type=\"column\">\n\t\t\t<div class=\"elementor-widget-wrap elementor-element-populated\">\n\t\t\t\t\t\t\t\t<div class=\"elementor-element elementor-element-b3c8859 elementor-widget elementor-widget-text-editor\" data-id=\"b3c8859\" data-element_type=\"widget\" data-widget_type=\"text-editor.default\">\n\t\t\t\t<div class=\"elementor-widget-container\">\n\t\t\t\t\t\t\t<p>Compliance<\/p>\t\t\t\t\t\t<\/div>\n\t\t\t\t<\/div>\n\t\t\t\t\t<\/div>\n\t\t<\/div>\n\t\t\t\t\t\t\t<\/div>\n\t\t<\/section>\n\t\t\t\t<section class=\"elementor-section elementor-top-section elementor-element elementor-element-7d76774 elementor-section-full_width elementor-section-stretched elementor-section-height-default elementor-section-height-default\" data-id=\"7d76774\" data-element_type=\"section\" data-settings=\"{&quot;stretch_section&quot;:&quot;section-stretched&quot;}\">\n\t\t\t\t\t\t<div class=\"elementor-container elementor-column-gap-extended\">\n\t\t\t\t\t<div class=\"elementor-column elementor-col-66 elementor-top-column elementor-element elementor-element-7113447\" data-id=\"7113447\" data-element_type=\"column\">\n\t\t\t<div class=\"elementor-widget-wrap elementor-element-populated\">\n\t\t\t\t\t\t\t\t<div class=\"elementor-element elementor-element-8a5450f elementor-widget elementor-widget-text-editor\" data-id=\"8a5450f\" data-element_type=\"widget\" data-widget_type=\"text-editor.default\">\n\t\t\t\t<div class=\"elementor-widget-container\">\n\t\t\t\t\t\t\t<p>Bearing in mind the current complexity of the business and the regulatory instruments applicable to them, we provide our clients with a set of services to enforce the legal and regulatory standards, the established policies and guidelines, analyzing each company inserted in the appropriate sectors of activity, by in order to avoid, detect and treat any deviation or non-compliance that may occur.<\/p><p>\u00a0<\/p><p>\u00a0<\/p><p>For this purpose we provide an audit service, both\u00a0<i>in house<\/i>\u00a0or\u00a0<i>online<\/i>, aiming to carry out the documentary and evaluation of all existing procedures and their compliance with the applicable legislation.\u00a0<\/p><p>\u00a0<\/p><p>We prepare reports with proposals for corrections, as well as the preparation of necessary documents and monitoring of the implementation of corrections.<\/p>\t\t\t\t\t\t<\/div>\n\t\t\t\t<\/div>\n\t\t\t\t\t<\/div>\n\t\t<\/div>\n\t\t\t\t<div class=\"elementor-column elementor-col-33 elementor-top-column elementor-element elementor-element-60bfaad\" data-id=\"60bfaad\" data-element_type=\"column\">\n\t\t\t<div class=\"elementor-widget-wrap elementor-element-populated\">\n\t\t\t\t\t\t\t\t<div class=\"elementor-element elementor-element-158eb66 elementor-widget elementor-widget-image\" data-id=\"158eb66\" data-element_type=\"widget\" data-widget_type=\"image.default\">\n\t\t\t\t<div class=\"elementor-widget-container\">\n\t\t\t\t\t\t\t\t\t\t\t\t\t\t\t<img loading=\"lazy\" decoding=\"async\" width=\"1536\" height=\"863\" src=\"https:\/\/serraodecarvalho.pt\/wp-content\/uploads\/2021\/11\/IMG_20181119_180220-1536x863.jpg\" class=\"attachment-1536x1536 size-1536x1536 wp-image-288\" alt=\"\" srcset=\"https:\/\/serraodecarvalho.pt\/wp-content\/uploads\/2021\/11\/IMG_20181119_180220-1536x863.jpg 1536w, https:\/\/serraodecarvalho.pt\/wp-content\/uploads\/2021\/11\/IMG_20181119_180220-scaled-600x337.jpg 600w, https:\/\/serraodecarvalho.pt\/wp-content\/uploads\/2021\/11\/IMG_20181119_180220-300x168.jpg 300w, https:\/\/serraodecarvalho.pt\/wp-content\/uploads\/2021\/11\/IMG_20181119_180220-1024x575.jpg 1024w, https:\/\/serraodecarvalho.pt\/wp-content\/uploads\/2021\/11\/IMG_20181119_180220-768x431.jpg 768w, https:\/\/serraodecarvalho.pt\/wp-content\/uploads\/2021\/11\/IMG_20181119_180220-2048x1150.jpg 2048w, https:\/\/serraodecarvalho.pt\/wp-content\/uploads\/2021\/11\/IMG_20181119_180220-1568x880.jpg 1568w\" sizes=\"auto, (max-width: 1536px) 100vw, 1536px\" style=\"width:100%;height:56.17%;max-width:2560px\" \/>\t\t\t\t\t\t\t\t\t\t\t\t\t\t\t<\/div>\n\t\t\t\t<\/div>\n\t\t\t\t\t<\/div>\n\t\t<\/div>\n\t\t\t\t\t\t\t<\/div>\n\t\t<\/section>\n\t\t\t\t\t\t\t<\/div>","protected":false},"excerpt":{"rendered":"<p>Compliance Tendo presente a atual complexidade dos neg\u00f3cios e dos instrumentos regulat\u00f3rios, aplic\u00e1veis aos mesmos, prestamos aos nossos clientes um conjunto de servi\u00e7os para fazer cumprir as normas legais e regulamentares, as pol\u00edticas e diretrizes estabelecidas, analisando cada empresa inserida nos devidos setores de atividade, por forma a evitar, detetar e tratar qualquer desvio ou&hellip; <a class=\"more-link\" href=\"https:\/\/serraodecarvalho.pt\/en_us\/compliance\/\">Continue reading <span class=\"screen-reader-text\">Compliance<\/span><\/a><\/p>","protected":false},"author":2,"featured_media":0,"parent":0,"menu_order":0,"comment_status":"closed","ping_status":"closed","template":"","meta":{"footnotes":""},"class_list":["post-267","page","type-page","status-publish","hentry","entry"],"_links":{"self":[{"href":"https:\/\/serraodecarvalho.pt\/en_us\/wp-json\/wp\/v2\/pages\/267","targetHints":{"allow":["GET"]}}],"collection":[{"href":"https:\/\/serraodecarvalho.pt\/en_us\/wp-json\/wp\/v2\/pages"}],"about":[{"href":"https:\/\/serraodecarvalho.pt\/en_us\/wp-json\/wp\/v2\/types\/page"}],"author":[{"embeddable":true,"href":"https:\/\/serraodecarvalho.pt\/en_us\/wp-json\/wp\/v2\/users\/2"}],"replies":[{"embeddable":true,"href":"https:\/\/serraodecarvalho.pt\/en_us\/wp-json\/wp\/v2\/comments?post=267"}],"version-history":[{"count":28,"href":"https:\/\/serraodecarvalho.pt\/en_us\/wp-json\/wp\/v2\/pages\/267\/revisions"}],"predecessor-version":[{"id":718,"href":"https:\/\/serraodecarvalho.pt\/en_us\/wp-json\/wp\/v2\/pages\/267\/revisions\/718"}],"wp:attachment":[{"href":"https:\/\/serraodecarvalho.pt\/en_us\/wp-json\/wp\/v2\/media?parent=267"}],"curies":[{"name":"wp","href":"https:\/\/api.w.org\/{rel}","templated":true}]}}