{"id":2,"date":"2021-11-27T17:05:00","date_gmt":"2021-11-27T17:05:00","guid":{"rendered":"https:\/\/dev.serraodecarvalho.pt\/?page_id=2"},"modified":"2021-12-23T17:03:43","modified_gmt":"2021-12-23T17:03:43","slug":"sample-page","status":"publish","type":"page","link":"https:\/\/serraodecarvalho.pt\/en_us\/sample-page\/","title":{"rendered":"Consultancy"},"content":{"rendered":"<div data-elementor-type=\"wp-page\" data-elementor-id=\"2\" class=\"elementor elementor-2\">\n\t\t\t\t\t\t\t\t\t<section class=\"elementor-section elementor-top-section elementor-element elementor-element-4b7da96 elementor-section-boxed elementor-section-height-default elementor-section-height-default\" data-id=\"4b7da96\" data-element_type=\"section\">\n\t\t\t\t\t\t<div class=\"elementor-container elementor-column-gap-default\">\n\t\t\t\t\t<div class=\"elementor-column elementor-col-100 elementor-top-column elementor-element elementor-element-a840cc5\" data-id=\"a840cc5\" data-element_type=\"column\">\n\t\t\t<div class=\"elementor-widget-wrap elementor-element-populated\">\n\t\t\t\t\t\t\t\t<div class=\"elementor-element elementor-element-c603964 elementor-widget elementor-widget-heading\" data-id=\"c603964\" data-element_type=\"widget\" data-widget_type=\"heading.default\">\n\t\t\t\t<div class=\"elementor-widget-container\">\n\t\t\t<h2 class=\"elementor-heading-title elementor-size-default\">Consultancy<\/h2>\t\t<\/div>\n\t\t\t\t<\/div>\n\t\t\t\t\t<\/div>\n\t\t<\/div>\n\t\t\t\t\t\t\t<\/div>\n\t\t<\/section>\n\t\t\t\t<section class=\"elementor-section elementor-top-section elementor-element elementor-element-eef5412 elementor-section-stretched elementor-section-full_width elementor-section-height-default elementor-section-height-default\" data-id=\"eef5412\" data-element_type=\"section\" data-settings=\"{&quot;stretch_section&quot;:&quot;section-stretched&quot;}\">\n\t\t\t\t\t\t<div class=\"elementor-container elementor-column-gap-default\">\n\t\t\t\t\t<div class=\"elementor-column elementor-col-66 elementor-top-column elementor-element elementor-element-9747011\" data-id=\"9747011\" data-element_type=\"column\">\n\t\t\t<div class=\"elementor-widget-wrap elementor-element-populated\">\n\t\t\t\t\t\t\t\t<div class=\"elementor-element elementor-element-a46c45c elementor-widget elementor-widget-text-editor\" data-id=\"a46c45c\" data-element_type=\"widget\" data-widget_type=\"text-editor.default\">\n\t\t\t\t<div class=\"elementor-widget-container\">\n\t\t\t\t\t\t\t<p>Always placing the primary focus on anticipating problems, we support our clients with a consultancy service that aims to ensure a balanced development of companies and businesses, not only through legal consultancy to support management, but also towards the restructuring of companies and their growth and through consultancy for internationalization.\u00a0<\/p><p>\u00a0<\/p><p>For this purpose, we have several ways of providing services, either\u00a0<i>in\u00a0<\/i>house or\u00a0<i>online\u00a0<\/i>and contracting services, namely:\u00a0<\/p><p>Minutes necessary to create a company,\u00a0<\/p><p>Drafts for signing contracts with customers, suppliers and employees, Market sheets from different countries aiming both export and investment.<\/p>\t\t\t\t\t\t<\/div>\n\t\t\t\t<\/div>\n\t\t\t\t\t<\/div>\n\t\t<\/div>\n\t\t\t\t<div class=\"elementor-column elementor-col-33 elementor-top-column elementor-element elementor-element-d59e995\" data-id=\"d59e995\" data-element_type=\"column\">\n\t\t\t<div class=\"elementor-widget-wrap elementor-element-populated\">\n\t\t\t\t\t\t\t\t<div class=\"elementor-element elementor-element-059924e elementor-widget elementor-widget-image\" data-id=\"059924e\" data-element_type=\"widget\" data-widget_type=\"image.default\">\n\t\t\t\t<div class=\"elementor-widget-container\">\n\t\t\t\t\t\t\t\t\t\t\t\t\t\t\t<img loading=\"lazy\" decoding=\"async\" width=\"750\" height=\"375\" src=\"https:\/\/serraodecarvalho.pt\/wp-content\/uploads\/2021\/11\/IMG_20200409_110430_resized_20200409_043939832-1024x512.jpg\" class=\"attachment-large size-large wp-image-298\" alt=\"\" srcset=\"https:\/\/serraodecarvalho.pt\/wp-content\/uploads\/2021\/11\/IMG_20200409_110430_resized_20200409_043939832-1024x512.jpg 1024w, https:\/\/serraodecarvalho.pt\/wp-content\/uploads\/2021\/11\/IMG_20200409_110430_resized_20200409_043939832-600x300.jpg 600w, https:\/\/serraodecarvalho.pt\/wp-content\/uploads\/2021\/11\/IMG_20200409_110430_resized_20200409_043939832-300x150.jpg 300w, https:\/\/serraodecarvalho.pt\/wp-content\/uploads\/2021\/11\/IMG_20200409_110430_resized_20200409_043939832-768x384.jpg 768w, https:\/\/serraodecarvalho.pt\/wp-content\/uploads\/2021\/11\/IMG_20200409_110430_resized_20200409_043939832-1536x768.jpg 1536w, https:\/\/serraodecarvalho.pt\/wp-content\/uploads\/2021\/11\/IMG_20200409_110430_resized_20200409_043939832-1568x784.jpg 1568w, https:\/\/serraodecarvalho.pt\/wp-content\/uploads\/2021\/11\/IMG_20200409_110430_resized_20200409_043939832.jpg 1984w\" sizes=\"auto, (max-width: 750px) 100vw, 750px\" style=\"width:100%;height:50%;max-width:1984px\" \/>\t\t\t\t\t\t\t\t\t\t\t\t\t\t\t<\/div>\n\t\t\t\t<\/div>\n\t\t\t\t\t<\/div>\n\t\t<\/div>\n\t\t\t\t\t\t\t<\/div>\n\t\t<\/section>\n\t\t\t\t\t\t\t<\/div>","protected":false},"excerpt":{"rendered":"<p>Consultoria Colocando o foco primordial sempre na antecipa\u00e7\u00e3o dos problemas, apoiamos os nossos clientes com um servi\u00e7o de consultoria que visa garantir um desenvolvimento equilibrado das empresas e neg\u00f3cios n\u00e3o s\u00f3 atrav\u00e9s da consultoria jur\u00eddica de apoio \u00e0 gest\u00e3o como igualmente tendente \u00e0 reestrutura\u00e7\u00e3o das empresas e ao seu crescimento, atrav\u00e9s de consultoria para a&hellip; <a class=\"more-link\" href=\"https:\/\/serraodecarvalho.pt\/en_us\/sample-page\/\">Continue reading <span class=\"screen-reader-text\">Consultancy<\/span><\/a><\/p>","protected":false},"author":1,"featured_media":0,"parent":0,"menu_order":0,"comment_status":"closed","ping_status":"open","template":"","meta":{"footnotes":""},"class_list":["post-2","page","type-page","status-publish","hentry","entry"],"_links":{"self":[{"href":"https:\/\/serraodecarvalho.pt\/en_us\/wp-json\/wp\/v2\/pages\/2","targetHints":{"allow":["GET"]}}],"collection":[{"href":"https:\/\/serraodecarvalho.pt\/en_us\/wp-json\/wp\/v2\/pages"}],"about":[{"href":"https:\/\/serraodecarvalho.pt\/en_us\/wp-json\/wp\/v2\/types\/page"}],"author":[{"embeddable":true,"href":"https:\/\/serraodecarvalho.pt\/en_us\/wp-json\/wp\/v2\/users\/1"}],"replies":[{"embeddable":true,"href":"https:\/\/serraodecarvalho.pt\/en_us\/wp-json\/wp\/v2\/comments?post=2"}],"version-history":[{"count":15,"href":"https:\/\/serraodecarvalho.pt\/en_us\/wp-json\/wp\/v2\/pages\/2\/revisions"}],"predecessor-version":[{"id":599,"href":"https:\/\/serraodecarvalho.pt\/en_us\/wp-json\/wp\/v2\/pages\/2\/revisions\/599"}],"wp:attachment":[{"href":"https:\/\/serraodecarvalho.pt\/en_us\/wp-json\/wp\/v2\/media?parent=2"}],"curies":[{"name":"wp","href":"https:\/\/api.w.org\/{rel}","templated":true}]}}